{"id":983,"date":"2023-08-24T19:21:00","date_gmt":"2023-08-24T19:21:00","guid":{"rendered":"https:\/\/leostopteam.de\/?page_id=983"},"modified":"2024-03-27T17:34:07","modified_gmt":"2024-03-27T17:34:07","slug":"hygieneartikel-lieferung","status":"publish","type":"page","link":"https:\/\/leostopteam.de\/en\/hygieneartikel-lieferung\/","title":{"rendered":"Hygiene article delivery"},"content":{"rendered":"<div data-elementor-type=\"wp-page\" data-elementor-id=\"983\" class=\"elementor elementor-983\" data-elementor-post-type=\"page\">\n\t\t\t\t<header class=\"elementor-element elementor-element-800b679 e-con-full e-flex e-con e-parent\" data-id=\"800b679\" data-element_type=\"container\" data-settings=\"{&quot;background_background&quot;:&quot;classic&quot;,&quot;jet_parallax_layout_list&quot;:[]}\" data-e-bg-lazyload=\"\" data-core-v316-plus=\"true\">\n\t\t<div class=\"elementor-element elementor-element-8f9b426 e-con-full e-flex e-con e-child\" data-id=\"8f9b426\" data-element_type=\"container\" data-settings=\"{&quot;background_background&quot;:&quot;video&quot;,&quot;jet_parallax_layout_list&quot;:[]}\">\n\t\t<div class=\"elementor-element elementor-element-9da9642 e-con-full e-flex e-con e-child\" data-id=\"9da9642\" data-element_type=\"container\" data-settings=\"{&quot;background_background&quot;:&quot;classic&quot;,&quot;jet_parallax_layout_list&quot;:[]}\">\n\t\t\t\t<\/div>\n\t\t\t\t<\/div>\n\t\t\t\t<\/header>\n\t\t<div class=\"elementor-element elementor-element-e62741a e-flex e-con-boxed e-con e-parent\" data-id=\"e62741a\" data-element_type=\"container\" data-settings=\"{&quot;background_background&quot;:&quot;classic&quot;,&quot;jet_parallax_layout_list&quot;:[]}\" data-core-v316-plus=\"true\">\n\t\t\t\t\t<div class=\"e-con-inner\">\n\t\t<div class=\"elementor-element elementor-element-6d8ddec e-con-full e-flex e-con e-child\" data-id=\"6d8ddec\" data-element_type=\"container\" data-settings=\"{&quot;jet_parallax_layout_list&quot;:[]}\">\n\t\t\t\t<div class=\"elementor-element elementor-element-b958621 elementor-widget elementor-widget-heading\" data-id=\"b958621\" data-element_type=\"widget\" data-widget_type=\"heading.default\">\n\t\t\t\t<div class=\"elementor-widget-container\">\n\t\t\t<style>\/*! elementor - v3.20.0 - 26-03-2024 *\/\n.elementor-heading-title{padding:0;margin:0;line-height:1}.elementor-widget-heading .elementor-heading-title[class*=elementor-size-]>a{color:inherit;font-size:inherit;line-height:inherit}.elementor-widget-heading .elementor-heading-title.elementor-size-small{font-size:15px}.elementor-widget-heading .elementor-heading-title.elementor-size-medium{font-size:19px}.elementor-widget-heading .elementor-heading-title.elementor-size-large{font-size:29px}.elementor-widget-heading .elementor-heading-title.elementor-size-xl{font-size:39px}.elementor-widget-heading .elementor-heading-title.elementor-size-xxl{font-size:59px}<\/style><h1 class=\"elementor-heading-title elementor-size-default\">HYGIENE ARTICLE DELIVERY FROM LEO'S TOP TEAM: CLEANLINESS, FRESHNESS &amp; RELIABILITY<\/h1>\t\t<\/div>\n\t\t\t\t<\/div>\n\t\t\t\t<div class=\"elementor-element elementor-element-d8864dc elementor-widget elementor-widget-text-editor\" data-id=\"d8864dc\" data-element_type=\"widget\" data-widget_type=\"text-editor.default\">\n\t\t\t\t<div class=\"elementor-widget-container\">\n\t\t\t<style>\/*! elementor - v3.20.0 - 26-03-2024 *\/\n.elementor-widget-text-editor.elementor-drop-cap-view-stacked .elementor-drop-cap{background-color:#69727d;color:#fff}.elementor-widget-text-editor.elementor-drop-cap-view-framed .elementor-drop-cap{color:#69727d;border:3px solid;background-color:transparent}.elementor-widget-text-editor:not(.elementor-drop-cap-view-default) .elementor-drop-cap{margin-top:8px}.elementor-widget-text-editor:not(.elementor-drop-cap-view-default) .elementor-drop-cap-letter{width:1em;height:1em}.elementor-widget-text-editor .elementor-drop-cap{float:left;text-align:center;line-height:1;font-size:50px}.elementor-widget-text-editor .elementor-drop-cap-letter{display:inline-block}<\/style>\t\t\t\t<p>In a world where cleanliness and hygiene are becoming increasingly important, Leo's Top Team ensures that your sanitary facilities are always optimally equipped. A well-maintained sanitary area not only conveys a professional impression, but also contributes to health and well-being.<\/p><p>Our years of experience and commitment to the highest standards have established us as a trusted partner for hygiene products. With Leo's Top Team, you can be sure that your sanitary area is always perfectly equipped - for a clean and pleasant environment.<\/p><p>Contact us today to find out more about our customised solutions for the delivery and supply of hygiene products.<\/p><p>Leo's Top Team - your partner for impeccable hygiene and comfort in every corner of your facility.<\/p>\t\t\t\t\t\t<\/div>\n\t\t\t\t<\/div>\n\t\t\t\t<\/div>\n\t\t\t\t\t<\/div>\n\t\t\t\t<\/div>\n\t\t<div class=\"elementor-element elementor-element-123b0e7 e-con-full e-flex e-con e-parent\" data-id=\"123b0e7\" data-element_type=\"container\" data-settings=\"{&quot;background_background&quot;:&quot;classic&quot;,&quot;jet_parallax_layout_list&quot;:[]}\" data-core-v316-plus=\"true\">\n\t\t<div class=\"elementor-element elementor-element-e2919eb e-con-full e-flex e-con e-child\" data-id=\"e2919eb\" data-element_type=\"container\" data-settings=\"{&quot;jet_parallax_layout_list&quot;:[],&quot;background_background&quot;:&quot;classic&quot;}\">\n\t\t\t\t<div class=\"elementor-element elementor-element-ca978ad elementor-widget__width-initial elementor-widget-mobile__width-initial elementor-widget elementor-widget-text-editor\" data-id=\"ca978ad\" data-element_type=\"widget\" data-widget_type=\"text-editor.default\">\n\t\t\t\t<div class=\"elementor-widget-container\">\n\t\t\t\t\t\t\t<p>In a world where cleanliness and hygiene are becoming increasingly important, Leo's Top Team ensures that your sanitary facilities are always optimally equipped. A well-maintained sanitary area not only conveys a professional impression, but also contributes to health and well-being.<\/p><p>Our service for the delivery and supply of hygiene articles offers you:<\/p>\t\t\t\t\t\t<\/div>\n\t\t\t\t<\/div>\n\t\t\t\t<div class=\"elementor-element elementor-element-44faff4 elementor-widget__width-initial elementor-widget-mobile__width-initial elementor-widget elementor-widget-text-editor\" data-id=\"44faff4\" data-element_type=\"widget\" data-widget_type=\"text-editor.default\">\n\t\t\t\t<div class=\"elementor-widget-container\">\n\t\t\t\t\t\t\t<ul><li>High-quality products: From soft, absorbent toilet paper to robust paper towels and gentle soaps - we focus on products that combine efficiency with convenience.<\/li><\/ul><ul><li>Practical dispenser solutions: Our modern dispensers for paper towels and soap are not only hygienic, but also aesthetically pleasing to fit seamlessly into any interior.<\/li><\/ul><ul><li>Complementary articles: Hygiene bags for waste bins and rubbish bins, which ensure that even the smallest details are taken care of, and room sprays that ensure a pleasant freshness.<\/li><\/ul><ul><li>Regular supply: We take care of regular checks and replenishment so that you never run out of supplies.<\/li><\/ul>\t\t\t\t\t\t<\/div>\n\t\t\t\t<\/div>\n\t\t\t\t<\/div>\n\t\t\t\t<\/div>\n\t\t<div class=\"elementor-element elementor-element-a02b059 e-con-full e-grid e-con e-parent\" data-id=\"a02b059\" data-element_type=\"container\" data-settings=\"{&quot;jet_parallax_layout_list&quot;:[],&quot;background_background&quot;:&quot;classic&quot;}\" data-core-v316-plus=\"true\">\n\t\t\t\t<div class=\"elementor-element elementor-element-8a4191e elementor-widget-mobile__width-initial elementor-widget elementor-widget-image\" data-id=\"8a4191e\" data-element_type=\"widget\" data-widget_type=\"image.default\">\n\t\t\t\t<div class=\"elementor-widget-container\">\n\t\t\t<style>\/*! elementor - v3.20.0 - 26-03-2024 *\/\n.elementor-widget-image{text-align:center}.elementor-widget-image a{display:inline-block}.elementor-widget-image a img[src$=\".svg\"]{width:48px}.elementor-widget-image img{vertical-align:middle;display:inline-block}<\/style>\t\t\t\t\t\t\t\t\t\t<img fetchpriority=\"high\" decoding=\"async\" width=\"800\" height=\"533\" src=\"https:\/\/leostopteam.de\/wp-content\/uploads\/2024\/03\/Ltt-Gebaeude-web-2-1024x682.jpg\" class=\"attachment-large size-large wp-image-2032\" alt=\"\" srcset=\"https:\/\/leostopteam.de\/wp-content\/uploads\/2024\/03\/Ltt-Gebaeude-web-2-1024x682.jpg 1024w, https:\/\/leostopteam.de\/wp-content\/uploads\/2024\/03\/Ltt-Gebaeude-web-2-300x200.jpg 300w, https:\/\/leostopteam.de\/wp-content\/uploads\/2024\/03\/Ltt-Gebaeude-web-2-768x512.jpg 768w, https:\/\/leostopteam.de\/wp-content\/uploads\/2024\/03\/Ltt-Gebaeude-web-2-1536x1024.jpg 1536w, https:\/\/leostopteam.de\/wp-content\/uploads\/2024\/03\/Ltt-Gebaeude-web-2-18x12.jpg 18w, https:\/\/leostopteam.de\/wp-content\/uploads\/2024\/03\/Ltt-Gebaeude-web-2.jpg 2000w\" sizes=\"(max-width: 800px) 100vw, 800px\" title=\"\">\t\t\t\t\t\t\t\t\t\t\t\t\t<\/div>\n\t\t\t\t<\/div>\n\t\t\t\t<div class=\"elementor-element elementor-element-92a1536 elementor-widget-mobile__width-initial elementor-widget elementor-widget-image\" data-id=\"92a1536\" data-element_type=\"widget\" data-widget_type=\"image.default\">\n\t\t\t\t<div class=\"elementor-widget-container\">\n\t\t\t\t\t\t\t\t\t\t\t\t\t<img decoding=\"async\" width=\"800\" height=\"534\" src=\"https:\/\/leostopteam.de\/wp-content\/uploads\/2023\/12\/LLT-Fotos-9071Kopie-1024x683.jpg\" class=\"attachment-large size-large wp-image-1546\" alt=\"\" srcset=\"https:\/\/leostopteam.de\/wp-content\/uploads\/2023\/12\/LLT-Fotos-9071Kopie-1024x683.jpg 1024w, https:\/\/leostopteam.de\/wp-content\/uploads\/2023\/12\/LLT-Fotos-9071Kopie-300x200.jpg 300w, https:\/\/leostopteam.de\/wp-content\/uploads\/2023\/12\/LLT-Fotos-9071Kopie-768x512.jpg 768w, https:\/\/leostopteam.de\/wp-content\/uploads\/2023\/12\/LLT-Fotos-9071Kopie-1536x1024.jpg 1536w, https:\/\/leostopteam.de\/wp-content\/uploads\/2023\/12\/LLT-Fotos-9071Kopie-2048x1366.jpg 2048w, https:\/\/leostopteam.de\/wp-content\/uploads\/2023\/12\/LLT-Fotos-9071Kopie-18x12.jpg 18w\" sizes=\"(max-width: 800px) 100vw, 800px\" title=\"\">\t\t\t\t\t\t\t\t\t\t\t\t\t<\/div>\n\t\t\t\t<\/div>\n\t\t\t\t<div class=\"elementor-element elementor-element-ca8f378 elementor-widget-mobile__width-initial elementor-widget elementor-widget-image\" data-id=\"ca8f378\" data-element_type=\"widget\" data-widget_type=\"image.default\">\n\t\t\t\t<div class=\"elementor-widget-container\">\n\t\t\t\t\t\t\t\t\t\t\t\t\t<img decoding=\"async\" width=\"800\" height=\"534\" src=\"https:\/\/leostopteam.de\/wp-content\/uploads\/2023\/05\/Leos-Top-Team-45-1024x684.jpg\" class=\"attachment-large size-large wp-image-72\" alt=\"\" srcset=\"https:\/\/leostopteam.de\/wp-content\/uploads\/2023\/05\/Leos-Top-Team-45-1024x684.jpg 1024w, https:\/\/leostopteam.de\/wp-content\/uploads\/2023\/05\/Leos-Top-Team-45-300x200.jpg 300w, https:\/\/leostopteam.de\/wp-content\/uploads\/2023\/05\/Leos-Top-Team-45-768x513.jpg 768w, https:\/\/leostopteam.de\/wp-content\/uploads\/2023\/05\/Leos-Top-Team-45-1536x1025.jpg 1536w, https:\/\/leostopteam.de\/wp-content\/uploads\/2023\/05\/Leos-Top-Team-45-2048x1367.jpg 2048w\" sizes=\"(max-width: 800px) 100vw, 800px\" title=\"\">\t\t\t\t\t\t\t\t\t\t\t\t\t<\/div>\n\t\t\t\t<\/div>\n\t\t\t\t<div class=\"elementor-element elementor-element-35e7493 elementor-widget-mobile__width-initial elementor-widget elementor-widget-image\" data-id=\"35e7493\" data-element_type=\"widget\" data-widget_type=\"image.default\">\n\t\t\t\t<div class=\"elementor-widget-container\">\n\t\t\t\t\t\t\t\t\t\t\t\t\t<img loading=\"lazy\" decoding=\"async\" width=\"800\" height=\"534\" src=\"https:\/\/leostopteam.de\/wp-content\/uploads\/2024\/03\/Leos-Top-Team-34-1024x684.jpg\" class=\"attachment-large size-large wp-image-1678\" alt=\"\" srcset=\"https:\/\/leostopteam.de\/wp-content\/uploads\/2024\/03\/Leos-Top-Team-34-1024x684.jpg 1024w, https:\/\/leostopteam.de\/wp-content\/uploads\/2024\/03\/Leos-Top-Team-34-300x200.jpg 300w, https:\/\/leostopteam.de\/wp-content\/uploads\/2024\/03\/Leos-Top-Team-34-768x513.jpg 768w, https:\/\/leostopteam.de\/wp-content\/uploads\/2024\/03\/Leos-Top-Team-34-1536x1025.jpg 1536w, https:\/\/leostopteam.de\/wp-content\/uploads\/2024\/03\/Leos-Top-Team-34-2048x1367.jpg 2048w, https:\/\/leostopteam.de\/wp-content\/uploads\/2024\/03\/Leos-Top-Team-34-18x12.jpg 18w\" sizes=\"(max-width: 800px) 100vw, 800px\" title=\"\">\t\t\t\t\t\t\t\t\t\t\t\t\t<\/div>\n\t\t\t\t<\/div>\n\t\t\t\t<div class=\"elementor-element elementor-element-a17eee5 elementor-widget-mobile__width-initial elementor-widget elementor-widget-image\" data-id=\"a17eee5\" data-element_type=\"widget\" data-widget_type=\"image.default\">\n\t\t\t\t<div class=\"elementor-widget-container\">\n\t\t\t\t\t\t\t\t\t\t\t\t\t<img loading=\"lazy\" decoding=\"async\" width=\"800\" height=\"534\" src=\"https:\/\/leostopteam.de\/wp-content\/uploads\/2024\/03\/Leos-Top-Team-2983-1024x683.jpg\" class=\"attachment-large size-large wp-image-1883\" alt=\"\" srcset=\"https:\/\/leostopteam.de\/wp-content\/uploads\/2024\/03\/Leos-Top-Team-2983-1024x683.jpg 1024w, https:\/\/leostopteam.de\/wp-content\/uploads\/2024\/03\/Leos-Top-Team-2983-300x200.jpg 300w, https:\/\/leostopteam.de\/wp-content\/uploads\/2024\/03\/Leos-Top-Team-2983-768x512.jpg 768w, https:\/\/leostopteam.de\/wp-content\/uploads\/2024\/03\/Leos-Top-Team-2983-1536x1024.jpg 1536w, https:\/\/leostopteam.de\/wp-content\/uploads\/2024\/03\/Leos-Top-Team-2983-2048x1366.jpg 2048w, https:\/\/leostopteam.de\/wp-content\/uploads\/2024\/03\/Leos-Top-Team-2983-18x12.jpg 18w\" sizes=\"(max-width: 800px) 100vw, 800px\" title=\"\">\t\t\t\t\t\t\t\t\t\t\t\t\t<\/div>\n\t\t\t\t<\/div>\n\t\t\t\t<div class=\"elementor-element elementor-element-c8fd4f8 elementor-widget-mobile__width-initial elementor-widget elementor-widget-image\" data-id=\"c8fd4f8\" data-element_type=\"widget\" data-widget_type=\"image.default\">\n\t\t\t\t<div class=\"elementor-widget-container\">\n\t\t\t\t\t\t\t\t\t\t\t\t\t<img loading=\"lazy\" decoding=\"async\" width=\"800\" height=\"534\" src=\"https:\/\/leostopteam.de\/wp-content\/uploads\/2023\/11\/Leos-Top-Team-4370-1024x684.jpg\" class=\"attachment-large size-large wp-image-1088\" alt=\"\" srcset=\"https:\/\/leostopteam.de\/wp-content\/uploads\/2023\/11\/Leos-Top-Team-4370-1024x684.jpg 1024w, https:\/\/leostopteam.de\/wp-content\/uploads\/2023\/11\/Leos-Top-Team-4370-300x200.jpg 300w, https:\/\/leostopteam.de\/wp-content\/uploads\/2023\/11\/Leos-Top-Team-4370-768x513.jpg 768w, https:\/\/leostopteam.de\/wp-content\/uploads\/2023\/11\/Leos-Top-Team-4370-1536x1026.jpg 1536w, https:\/\/leostopteam.de\/wp-content\/uploads\/2023\/11\/Leos-Top-Team-4370-2048x1367.jpg 2048w\" sizes=\"(max-width: 800px) 100vw, 800px\" title=\"\">\t\t\t\t\t\t\t\t\t\t\t\t\t<\/div>\n\t\t\t\t<\/div>\n\t\t\t\t<\/div>\n\t\t\t\t<\/div>","protected":false},"excerpt":{"rendered":"<p>HYGIENEARTIKEL-LIEFERUNG VON LEO\u00b4S TOP TEAM: SAUBERKEIT, FRISCHE &#038; ZUVERL\u00c4SSIGKEIT In einer Welt, in der Sauberkeit und Hygiene immer wichtiger werden, stellt Leo\u00b4s Top Team sicher, dass Ihre sanit\u00e4ren Einrichtungen stets bestens ausgestattet sind. Ein gepflegter Sanit\u00e4rbereich vermittelt nicht nur einen professionellen Eindruck, sondern tr\u00e4gt auch zur Gesundheit und zum Wohlbefinden bei. Durch unsere jahrelange Erfahrung [&hellip;]<\/p>","protected":false},"author":1,"featured_media":1876,"parent":0,"menu_order":0,"comment_status":"closed","ping_status":"closed","template":"elementor_header_footer","meta":{"_jet_sm_ready_style":"","_jet_sm_style":"","_jet_sm_controls_values":"","_jet_sm_fonts_collection":"","_jet_sm_fonts_links":"","footnotes":""},"_links":{"self":[{"href":"https:\/\/leostopteam.de\/en\/wp-json\/wp\/v2\/pages\/983"}],"collection":[{"href":"https:\/\/leostopteam.de\/en\/wp-json\/wp\/v2\/pages"}],"about":[{"href":"https:\/\/leostopteam.de\/en\/wp-json\/wp\/v2\/types\/page"}],"author":[{"embeddable":true,"href":"https:\/\/leostopteam.de\/en\/wp-json\/wp\/v2\/users\/1"}],"replies":[{"embeddable":true,"href":"https:\/\/leostopteam.de\/en\/wp-json\/wp\/v2\/comments?post=983"}],"version-history":[{"count":31,"href":"https:\/\/leostopteam.de\/en\/wp-json\/wp\/v2\/pages\/983\/revisions"}],"predecessor-version":[{"id":2463,"href":"https:\/\/leostopteam.de\/en\/wp-json\/wp\/v2\/pages\/983\/revisions\/2463"}],"wp:featuredmedia":[{"embeddable":true,"href":"https:\/\/leostopteam.de\/en\/wp-json\/wp\/v2\/media\/1876"}],"wp:attachment":[{"href":"https:\/\/leostopteam.de\/en\/wp-json\/wp\/v2\/media?parent=983"}],"curies":[{"name":"wp","href":"https:\/\/api.w.org\/{rel}","templated":true}]}}