{"id":827,"date":"2023-08-24T17:57:49","date_gmt":"2023-08-24T17:57:49","guid":{"rendered":"https:\/\/leostopteam.de\/?page_id=827"},"modified":"2024-03-27T15:09:19","modified_gmt":"2024-03-27T15:09:19","slug":"industriereinigung","status":"publish","type":"page","link":"https:\/\/leostopteam.de\/en\/industriereinigung\/","title":{"rendered":"Industrial cleaning"},"content":{"rendered":"<div data-elementor-type=\"wp-page\" data-elementor-id=\"827\" class=\"elementor elementor-827\" data-elementor-post-type=\"page\">\n\t\t\t\t<header class=\"elementor-element elementor-element-fca2261 e-con-full e-flex e-con e-parent\" data-id=\"fca2261\" data-element_type=\"container\" data-settings=\"{&quot;background_background&quot;:&quot;classic&quot;,&quot;jet_parallax_layout_list&quot;:[]}\" data-e-bg-lazyload=\"\" data-core-v316-plus=\"true\">\n\t\t<div class=\"elementor-element elementor-element-7fa92a7 e-con-full e-flex e-con e-child\" data-id=\"7fa92a7\" data-element_type=\"container\" data-settings=\"{&quot;background_background&quot;:&quot;video&quot;,&quot;jet_parallax_layout_list&quot;:[]}\">\n\t\t<div class=\"elementor-element elementor-element-8d4010f e-con-full e-flex e-con e-child\" data-id=\"8d4010f\" data-element_type=\"container\" data-settings=\"{&quot;background_background&quot;:&quot;classic&quot;,&quot;jet_parallax_layout_list&quot;:[]}\">\n\t\t\t\t<\/div>\n\t\t\t\t<\/div>\n\t\t\t\t<\/header>\n\t\t<div class=\"elementor-element elementor-element-aa75828 e-flex e-con-boxed e-con e-parent\" data-id=\"aa75828\" data-element_type=\"container\" data-settings=\"{&quot;background_background&quot;:&quot;classic&quot;,&quot;jet_parallax_layout_list&quot;:[]}\" data-core-v316-plus=\"true\">\n\t\t\t\t\t<div class=\"e-con-inner\">\n\t\t<div class=\"elementor-element elementor-element-58ac7c1 e-con-full e-flex e-con e-child\" data-id=\"58ac7c1\" data-element_type=\"container\" data-settings=\"{&quot;jet_parallax_layout_list&quot;:[]}\">\n\t\t\t\t<div class=\"elementor-element elementor-element-5c7eb9c elementor-widget elementor-widget-heading\" data-id=\"5c7eb9c\" data-element_type=\"widget\" data-widget_type=\"heading.default\">\n\t\t\t\t<div class=\"elementor-widget-container\">\n\t\t\t<style>\/*! elementor - v3.20.0 - 26-03-2024 *\/\n.elementor-heading-title{padding:0;margin:0;line-height:1}.elementor-widget-heading .elementor-heading-title[class*=elementor-size-]>a{color:inherit;font-size:inherit;line-height:inherit}.elementor-widget-heading .elementor-heading-title.elementor-size-small{font-size:15px}.elementor-widget-heading .elementor-heading-title.elementor-size-medium{font-size:19px}.elementor-widget-heading .elementor-heading-title.elementor-size-large{font-size:29px}.elementor-widget-heading .elementor-heading-title.elementor-size-xl{font-size:39px}.elementor-widget-heading .elementor-heading-title.elementor-size-xxl{font-size:59px}<\/style><h1 class=\"elementor-heading-title elementor-size-default\">INDUSTRIAL CLEANING<\/h1>\t\t<\/div>\n\t\t\t\t<\/div>\n\t\t\t\t<div class=\"elementor-element elementor-element-0135414 elementor-widget elementor-widget-text-editor\" data-id=\"0135414\" data-element_type=\"widget\" data-widget_type=\"text-editor.default\">\n\t\t\t\t<div class=\"elementor-widget-container\">\n\t\t\t<style>\/*! elementor - v3.20.0 - 26-03-2024 *\/\n.elementor-widget-text-editor.elementor-drop-cap-view-stacked .elementor-drop-cap{background-color:#69727d;color:#fff}.elementor-widget-text-editor.elementor-drop-cap-view-framed .elementor-drop-cap{color:#69727d;border:3px solid;background-color:transparent}.elementor-widget-text-editor:not(.elementor-drop-cap-view-default) .elementor-drop-cap{margin-top:8px}.elementor-widget-text-editor:not(.elementor-drop-cap-view-default) .elementor-drop-cap-letter{width:1em;height:1em}.elementor-widget-text-editor .elementor-drop-cap{float:left;text-align:center;line-height:1;font-size:50px}.elementor-widget-text-editor .elementor-drop-cap-letter{display:inline-block}<\/style>\t\t\t\t<p>Industry moves at a rapid pace, and dirt and contamination can accumulate just as quickly in production and storage facilities. Leo's Top Team offers specialised industrial cleaning that keeps your plant, machinery and premises in pristine condition.<\/p><p>Our industrial cleaning experts are trained to deal with the specific challenges that industrial environments bring. From precision mechanical components to large production halls, we have the equipment, expertise and experience to ensure your operations run efficiently and smoothly.<\/p><p>With Leo's Top Team at your side, you can be sure that your business is not only clean, but also compliant with the applicable safety and environmental standards. A clean working environment not only promotes productivity, but also contributes to the well-being of your employees.<\/p><p>If you are looking for a reliable partner for industrial cleaning, then Leo's Top Team is your first port of call. Contact us today and experience the difference that professional industrial cleaning can make to your business.<\/p>\t\t\t\t\t\t<\/div>\n\t\t\t\t<\/div>\n\t\t\t\t<\/div>\n\t\t\t\t\t<\/div>\n\t\t\t\t<\/div>\n\t\t<div class=\"elementor-element elementor-element-22a42aa e-con-full e-flex e-con e-parent\" data-id=\"22a42aa\" data-element_type=\"container\" data-settings=\"{&quot;background_background&quot;:&quot;classic&quot;,&quot;jet_parallax_layout_list&quot;:[]}\" data-core-v316-plus=\"true\">\n\t\t<div class=\"elementor-element elementor-element-a7faa24 e-con-full e-flex e-con e-child\" data-id=\"a7faa24\" data-element_type=\"container\" data-settings=\"{&quot;jet_parallax_layout_list&quot;:[],&quot;background_background&quot;:&quot;classic&quot;}\">\n\t\t\t\t<div class=\"elementor-element elementor-element-e06c4c9 elementor-widget elementor-widget-heading\" data-id=\"e06c4c9\" data-element_type=\"widget\" data-widget_type=\"heading.default\">\n\t\t\t\t<div class=\"elementor-widget-container\">\n\t\t\t<h2 class=\"elementor-heading-title elementor-size-default\">Our industrial cleaning services include<\/h2>\t\t<\/div>\n\t\t\t\t<\/div>\n\t\t\t\t<div class=\"elementor-element elementor-element-1ca16b3 elementor-widget__width-initial elementor-widget elementor-widget-text-editor\" data-id=\"1ca16b3\" data-element_type=\"widget\" data-widget_type=\"text-editor.default\">\n\t\t\t\t<div class=\"elementor-widget-container\">\n\t\t\t\t\t\t\t<ul><li>Machine and system cleaning to maintain optimum operating conditions<\/li><li>Cleaning of production halls and storage rooms<\/li><li>Removal of industrial dust and other contaminants<\/li><li>Removal of oil and lubricant residues<\/li><li>Environmentally friendly waste disposal and recycling<\/li><\/ul>\t\t\t\t\t\t<\/div>\n\t\t\t\t<\/div>\n\t\t\t\t<\/div>\n\t\t<div class=\"elementor-element elementor-element-3b4fd87 e-con-full e-flex e-con e-child\" data-id=\"3b4fd87\" data-element_type=\"container\" data-settings=\"{&quot;jet_parallax_layout_list&quot;:[],&quot;background_background&quot;:&quot;classic&quot;}\">\n\t\t\t\t<div class=\"elementor-element elementor-element-7f250d8 elementor-widget elementor-widget-heading\" data-id=\"7f250d8\" data-element_type=\"widget\" data-widget_type=\"heading.default\">\n\t\t\t\t<div class=\"elementor-widget-container\">\n\t\t\t<h2 class=\"elementor-heading-title elementor-size-default\">Why choose Leo's Top Team for your industrial cleaning?<\/h2>\t\t<\/div>\n\t\t\t\t<\/div>\n\t\t\t\t<div class=\"elementor-element elementor-element-8be9f2c elementor-widget__width-initial elementor-widget elementor-widget-text-editor\" data-id=\"8be9f2c\" data-element_type=\"widget\" data-widget_type=\"text-editor.default\">\n\t\t\t\t<div class=\"elementor-widget-container\">\n\t\t\t\t\t\t\t<ul><li>Expert teams with many years of experience in industrial cleaning<\/li><li>State-of-the-art cleaning technology for efficient and thorough results<\/li><li>Flexible scheduling to suit your production cycle<\/li><li>Transparent and fair pricing<\/li><\/ul>\t\t\t\t\t\t<\/div>\n\t\t\t\t<\/div>\n\t\t\t\t<\/div>\n\t\t\t\t<\/div>\n\t\t<div class=\"elementor-element elementor-element-14204e1 e-con-full e-grid e-con e-parent\" data-id=\"14204e1\" data-element_type=\"container\" data-settings=\"{&quot;jet_parallax_layout_list&quot;:[],&quot;background_background&quot;:&quot;classic&quot;}\" data-core-v316-plus=\"true\">\n\t\t\t\t<div class=\"elementor-element elementor-element-2facc04 elementor-widget-mobile__width-initial elementor-widget elementor-widget-image\" data-id=\"2facc04\" data-element_type=\"widget\" data-widget_type=\"image.default\">\n\t\t\t\t<div class=\"elementor-widget-container\">\n\t\t\t<style>\/*! elementor - v3.20.0 - 26-03-2024 *\/\n.elementor-widget-image{text-align:center}.elementor-widget-image a{display:inline-block}.elementor-widget-image a img[src$=\".svg\"]{width:48px}.elementor-widget-image img{vertical-align:middle;display:inline-block}<\/style>\t\t\t\t\t\t\t\t\t\t<img fetchpriority=\"high\" decoding=\"async\" width=\"800\" height=\"534\" src=\"https:\/\/leostopteam.de\/wp-content\/uploads\/2024\/03\/Leos-Top-Team-9203-1024x683.jpg\" class=\"attachment-large size-large wp-image-1888\" alt=\"\" srcset=\"https:\/\/leostopteam.de\/wp-content\/uploads\/2024\/03\/Leos-Top-Team-9203-1024x683.jpg 1024w, https:\/\/leostopteam.de\/wp-content\/uploads\/2024\/03\/Leos-Top-Team-9203-300x200.jpg 300w, https:\/\/leostopteam.de\/wp-content\/uploads\/2024\/03\/Leos-Top-Team-9203-768x512.jpg 768w, https:\/\/leostopteam.de\/wp-content\/uploads\/2024\/03\/Leos-Top-Team-9203-1536x1024.jpg 1536w, https:\/\/leostopteam.de\/wp-content\/uploads\/2024\/03\/Leos-Top-Team-9203-2048x1366.jpg 2048w, https:\/\/leostopteam.de\/wp-content\/uploads\/2024\/03\/Leos-Top-Team-9203-18x12.jpg 18w\" sizes=\"(max-width: 800px) 100vw, 800px\" title=\"\">\t\t\t\t\t\t\t\t\t\t\t\t\t<\/div>\n\t\t\t\t<\/div>\n\t\t\t\t<div class=\"elementor-element elementor-element-c2abd5f elementor-widget-mobile__width-initial elementor-widget elementor-widget-image\" data-id=\"c2abd5f\" data-element_type=\"widget\" data-widget_type=\"image.default\">\n\t\t\t\t<div class=\"elementor-widget-container\">\n\t\t\t\t\t\t\t\t\t\t\t\t\t<img decoding=\"async\" width=\"800\" height=\"533\" src=\"https:\/\/leostopteam.de\/wp-content\/uploads\/2024\/03\/Ltt-Gebaeude-3-web-1024x682.jpg\" class=\"attachment-large size-large wp-image-1875\" alt=\"\" srcset=\"https:\/\/leostopteam.de\/wp-content\/uploads\/2024\/03\/Ltt-Gebaeude-3-web-1024x682.jpg 1024w, https:\/\/leostopteam.de\/wp-content\/uploads\/2024\/03\/Ltt-Gebaeude-3-web-300x200.jpg 300w, https:\/\/leostopteam.de\/wp-content\/uploads\/2024\/03\/Ltt-Gebaeude-3-web-768x512.jpg 768w, https:\/\/leostopteam.de\/wp-content\/uploads\/2024\/03\/Ltt-Gebaeude-3-web-1536x1024.jpg 1536w, https:\/\/leostopteam.de\/wp-content\/uploads\/2024\/03\/Ltt-Gebaeude-3-web-18x12.jpg 18w, https:\/\/leostopteam.de\/wp-content\/uploads\/2024\/03\/Ltt-Gebaeude-3-web.jpg 2000w\" sizes=\"(max-width: 800px) 100vw, 800px\" title=\"\">\t\t\t\t\t\t\t\t\t\t\t\t\t<\/div>\n\t\t\t\t<\/div>\n\t\t\t\t<div class=\"elementor-element elementor-element-e5e17b6 elementor-widget-mobile__width-initial elementor-widget elementor-widget-image\" data-id=\"e5e17b6\" data-element_type=\"widget\" data-widget_type=\"image.default\">\n\t\t\t\t<div class=\"elementor-widget-container\">\n\t\t\t\t\t\t\t\t\t\t\t\t\t<img decoding=\"async\" width=\"800\" height=\"534\" src=\"https:\/\/leostopteam.de\/wp-content\/uploads\/2023\/05\/Leos-Top-Team-49-1024x683.jpg\" class=\"attachment-large size-large wp-image-76\" alt=\"\" srcset=\"https:\/\/leostopteam.de\/wp-content\/uploads\/2023\/05\/Leos-Top-Team-49-1024x683.jpg 1024w, https:\/\/leostopteam.de\/wp-content\/uploads\/2023\/05\/Leos-Top-Team-49-300x200.jpg 300w, https:\/\/leostopteam.de\/wp-content\/uploads\/2023\/05\/Leos-Top-Team-49-768x512.jpg 768w, https:\/\/leostopteam.de\/wp-content\/uploads\/2023\/05\/Leos-Top-Team-49-1536x1024.jpg 1536w, https:\/\/leostopteam.de\/wp-content\/uploads\/2023\/05\/Leos-Top-Team-49-2048x1366.jpg 2048w\" sizes=\"(max-width: 800px) 100vw, 800px\" title=\"\">\t\t\t\t\t\t\t\t\t\t\t\t\t<\/div>\n\t\t\t\t<\/div>\n\t\t\t\t<div class=\"elementor-element elementor-element-18db27d elementor-widget-mobile__width-initial elementor-widget elementor-widget-image\" data-id=\"18db27d\" data-element_type=\"widget\" data-widget_type=\"image.default\">\n\t\t\t\t<div class=\"elementor-widget-container\">\n\t\t\t\t\t\t\t\t\t\t\t\t\t<img loading=\"lazy\" decoding=\"async\" width=\"800\" height=\"534\" src=\"https:\/\/leostopteam.de\/wp-content\/uploads\/2023\/05\/Leos-Top-Team-29-1024x684.jpg\" class=\"attachment-large size-large wp-image-56\" alt=\"\" srcset=\"https:\/\/leostopteam.de\/wp-content\/uploads\/2023\/05\/Leos-Top-Team-29-1024x684.jpg 1024w, https:\/\/leostopteam.de\/wp-content\/uploads\/2023\/05\/Leos-Top-Team-29-300x200.jpg 300w, https:\/\/leostopteam.de\/wp-content\/uploads\/2023\/05\/Leos-Top-Team-29-768x513.jpg 768w, https:\/\/leostopteam.de\/wp-content\/uploads\/2023\/05\/Leos-Top-Team-29-1536x1025.jpg 1536w, https:\/\/leostopteam.de\/wp-content\/uploads\/2023\/05\/Leos-Top-Team-29-2048x1367.jpg 2048w\" sizes=\"(max-width: 800px) 100vw, 800px\" title=\"\">\t\t\t\t\t\t\t\t\t\t\t\t\t<\/div>\n\t\t\t\t<\/div>\n\t\t\t\t<div class=\"elementor-element elementor-element-c3c2029 elementor-widget-mobile__width-initial elementor-widget elementor-widget-image\" data-id=\"c3c2029\" data-element_type=\"widget\" data-widget_type=\"image.default\">\n\t\t\t\t<div class=\"elementor-widget-container\">\n\t\t\t\t\t\t\t\t\t\t\t\t\t<img loading=\"lazy\" decoding=\"async\" width=\"800\" height=\"534\" src=\"https:\/\/leostopteam.de\/wp-content\/uploads\/2023\/11\/Leos-Top-Team-3198-1024x683.jpg\" class=\"attachment-large size-large wp-image-1079\" alt=\"\" srcset=\"https:\/\/leostopteam.de\/wp-content\/uploads\/2023\/11\/Leos-Top-Team-3198-1024x683.jpg 1024w, https:\/\/leostopteam.de\/wp-content\/uploads\/2023\/11\/Leos-Top-Team-3198-300x200.jpg 300w, https:\/\/leostopteam.de\/wp-content\/uploads\/2023\/11\/Leos-Top-Team-3198-768x512.jpg 768w, https:\/\/leostopteam.de\/wp-content\/uploads\/2023\/11\/Leos-Top-Team-3198-1536x1024.jpg 1536w, https:\/\/leostopteam.de\/wp-content\/uploads\/2023\/11\/Leos-Top-Team-3198-2048x1365.jpg 2048w\" sizes=\"(max-width: 800px) 100vw, 800px\" title=\"\">\t\t\t\t\t\t\t\t\t\t\t\t\t<\/div>\n\t\t\t\t<\/div>\n\t\t\t\t<div class=\"elementor-element elementor-element-fb838a2 elementor-widget-mobile__width-initial elementor-widget elementor-widget-image\" data-id=\"fb838a2\" data-element_type=\"widget\" data-widget_type=\"image.default\">\n\t\t\t\t<div class=\"elementor-widget-container\">\n\t\t\t\t\t\t\t\t\t\t\t\t\t<img loading=\"lazy\" decoding=\"async\" width=\"800\" height=\"534\" src=\"https:\/\/leostopteam.de\/wp-content\/uploads\/2024\/03\/Leos-Top-Team-2928-1024x683.jpg\" class=\"attachment-large size-large wp-image-1882\" alt=\"\" srcset=\"https:\/\/leostopteam.de\/wp-content\/uploads\/2024\/03\/Leos-Top-Team-2928-1024x683.jpg 1024w, https:\/\/leostopteam.de\/wp-content\/uploads\/2024\/03\/Leos-Top-Team-2928-300x200.jpg 300w, https:\/\/leostopteam.de\/wp-content\/uploads\/2024\/03\/Leos-Top-Team-2928-768x512.jpg 768w, https:\/\/leostopteam.de\/wp-content\/uploads\/2024\/03\/Leos-Top-Team-2928-1536x1024.jpg 1536w, https:\/\/leostopteam.de\/wp-content\/uploads\/2024\/03\/Leos-Top-Team-2928-2048x1366.jpg 2048w, https:\/\/leostopteam.de\/wp-content\/uploads\/2024\/03\/Leos-Top-Team-2928-18x12.jpg 18w\" sizes=\"(max-width: 800px) 100vw, 800px\" title=\"\">\t\t\t\t\t\t\t\t\t\t\t\t\t<\/div>\n\t\t\t\t<\/div>\n\t\t\t\t<\/div>\n\t\t\t\t<\/div>","protected":false},"excerpt":{"rendered":"<p>INDUSTRIEREINIGUNG Die Industrie bewegt sich in einem rasanten Tempo, und ebenso schnell k\u00f6nnen sich Schmutz und Verunreinigungen in Produktions- und Lagerst\u00e4tten ansammeln. Leo\u00b4s Top Team bietet eine spezialisierte Industriereinigung an, die Ihre Anlagen, Maschinen und R\u00e4umlichkeiten in makellosem Zustand h\u00e4lt. Unsere Experten f\u00fcr Industriereinigung sind geschult im Umgang mit den spezifischen Herausforderungen, die Industrieumgebungen mit [&hellip;]<\/p>","protected":false},"author":1,"featured_media":865,"parent":0,"menu_order":0,"comment_status":"closed","ping_status":"closed","template":"elementor_header_footer","meta":{"_jet_sm_ready_style":"","_jet_sm_style":"","_jet_sm_controls_values":"","_jet_sm_fonts_collection":"","_jet_sm_fonts_links":"","footnotes":""},"_links":{"self":[{"href":"https:\/\/leostopteam.de\/en\/wp-json\/wp\/v2\/pages\/827"}],"collection":[{"href":"https:\/\/leostopteam.de\/en\/wp-json\/wp\/v2\/pages"}],"about":[{"href":"https:\/\/leostopteam.de\/en\/wp-json\/wp\/v2\/types\/page"}],"author":[{"embeddable":true,"href":"https:\/\/leostopteam.de\/en\/wp-json\/wp\/v2\/users\/1"}],"replies":[{"embeddable":true,"href":"https:\/\/leostopteam.de\/en\/wp-json\/wp\/v2\/comments?post=827"}],"version-history":[{"count":31,"href":"https:\/\/leostopteam.de\/en\/wp-json\/wp\/v2\/pages\/827\/revisions"}],"predecessor-version":[{"id":2423,"href":"https:\/\/leostopteam.de\/en\/wp-json\/wp\/v2\/pages\/827\/revisions\/2423"}],"wp:featuredmedia":[{"embeddable":true,"href":"https:\/\/leostopteam.de\/en\/wp-json\/wp\/v2\/media\/865"}],"wp:attachment":[{"href":"https:\/\/leostopteam.de\/en\/wp-json\/wp\/v2\/media?parent=827"}],"curies":[{"name":"wp","href":"https:\/\/api.w.org\/{rel}","templated":true}]}}