{"id":644,"date":"2023-05-08T12:57:04","date_gmt":"2023-05-08T12:57:04","guid":{"rendered":"https:\/\/leostopteam.de\/?page_id=644"},"modified":"2024-03-27T12:21:42","modified_gmt":"2024-03-27T12:21:42","slug":"fensterreinigung","status":"publish","type":"page","link":"https:\/\/leostopteam.de\/en\/fensterreinigung\/","title":{"rendered":"Window cleaning"},"content":{"rendered":"<div data-elementor-type=\"wp-page\" data-elementor-id=\"644\" class=\"elementor elementor-644\" data-elementor-post-type=\"page\">\n\t\t\t\t<header class=\"elementor-element elementor-element-50c057d e-con-full e-flex e-con e-parent\" data-id=\"50c057d\" data-element_type=\"container\" data-settings=\"{&quot;background_background&quot;:&quot;classic&quot;,&quot;jet_parallax_layout_list&quot;:[]}\" data-e-bg-lazyload=\"\" data-core-v316-plus=\"true\">\n\t\t<div class=\"elementor-element elementor-element-9338035 e-con-full e-flex e-con e-child\" data-id=\"9338035\" data-element_type=\"container\" data-settings=\"{&quot;background_background&quot;:&quot;video&quot;,&quot;jet_parallax_layout_list&quot;:[]}\">\n\t\t<div class=\"elementor-element elementor-element-c119de6 e-con-full e-flex e-con e-child\" data-id=\"c119de6\" data-element_type=\"container\" data-settings=\"{&quot;background_background&quot;:&quot;classic&quot;,&quot;jet_parallax_layout_list&quot;:[]}\">\n\t\t\t\t<\/div>\n\t\t\t\t<\/div>\n\t\t\t\t<\/header>\n\t\t<div class=\"elementor-element elementor-element-5f4a544 e-flex e-con-boxed e-con e-parent\" data-id=\"5f4a544\" data-element_type=\"container\" data-settings=\"{&quot;background_background&quot;:&quot;classic&quot;,&quot;jet_parallax_layout_list&quot;:[]}\" data-core-v316-plus=\"true\">\n\t\t\t\t\t<div class=\"e-con-inner\">\n\t\t<div class=\"elementor-element elementor-element-5a7d71a e-con-full e-flex e-con e-child\" data-id=\"5a7d71a\" data-element_type=\"container\" data-settings=\"{&quot;jet_parallax_layout_list&quot;:[]}\">\n\t\t\t\t<div class=\"elementor-element elementor-element-dd30acc elementor-widget elementor-widget-heading\" data-id=\"dd30acc\" data-element_type=\"widget\" data-widget_type=\"heading.default\">\n\t\t\t\t<div class=\"elementor-widget-container\">\n\t\t\t<style>\/*! elementor - v3.20.0 - 26-03-2024 *\/\n.elementor-heading-title{padding:0;margin:0;line-height:1}.elementor-widget-heading .elementor-heading-title[class*=elementor-size-]>a{color:inherit;font-size:inherit;line-height:inherit}.elementor-widget-heading .elementor-heading-title.elementor-size-small{font-size:15px}.elementor-widget-heading .elementor-heading-title.elementor-size-medium{font-size:19px}.elementor-widget-heading .elementor-heading-title.elementor-size-large{font-size:29px}.elementor-widget-heading .elementor-heading-title.elementor-size-xl{font-size:39px}.elementor-widget-heading .elementor-heading-title.elementor-size-xxl{font-size:59px}<\/style><h1 class=\"elementor-heading-title elementor-size-default\">WINDOW CLEANING<\/h1>\t\t<\/div>\n\t\t\t\t<\/div>\n\t\t\t\t<div class=\"elementor-element elementor-element-c5538c4 elementor-widget elementor-widget-text-editor\" data-id=\"c5538c4\" data-element_type=\"widget\" data-widget_type=\"text-editor.default\">\n\t\t\t\t<div class=\"elementor-widget-container\">\n\t\t\t<style>\/*! elementor - v3.20.0 - 26-03-2024 *\/\n.elementor-widget-text-editor.elementor-drop-cap-view-stacked .elementor-drop-cap{background-color:#69727d;color:#fff}.elementor-widget-text-editor.elementor-drop-cap-view-framed .elementor-drop-cap{color:#69727d;border:3px solid;background-color:transparent}.elementor-widget-text-editor:not(.elementor-drop-cap-view-default) .elementor-drop-cap{margin-top:8px}.elementor-widget-text-editor:not(.elementor-drop-cap-view-default) .elementor-drop-cap-letter{width:1em;height:1em}.elementor-widget-text-editor .elementor-drop-cap{float:left;text-align:center;line-height:1;font-size:50px}.elementor-widget-text-editor .elementor-drop-cap-letter{display:inline-block}<\/style>\t\t\t\t<p>We know that clean and well-maintained windows increase the aesthetic value of your premises and create an inviting appearance for employees, customers and visitors. Our experienced and trained specialists ensure that your glass surfaces and windows are in perfect condition at all times.<\/p>\t\t\t\t\t\t<\/div>\n\t\t\t\t<\/div>\n\t\t\t\t<\/div>\n\t\t\t\t\t<\/div>\n\t\t\t\t<\/div>\n\t\t<div class=\"elementor-element elementor-element-5cfafe7 e-flex e-con-boxed e-con e-parent\" data-id=\"5cfafe7\" data-element_type=\"container\" data-settings=\"{&quot;background_background&quot;:&quot;classic&quot;,&quot;jet_parallax_layout_list&quot;:[]}\" data-core-v316-plus=\"true\">\n\t\t\t\t\t<div class=\"e-con-inner\">\n\t\t<div class=\"elementor-element elementor-element-d18117f e-con-full e-flex e-con e-child\" data-id=\"d18117f\" data-element_type=\"container\" data-settings=\"{&quot;jet_parallax_layout_list&quot;:[]}\">\n\t\t\t\t<div class=\"elementor-element elementor-element-1a6d7fb elementor-widget elementor-widget-heading\" data-id=\"1a6d7fb\" data-element_type=\"widget\" data-widget_type=\"heading.default\">\n\t\t\t\t<div class=\"elementor-widget-container\">\n\t\t\t<h1 class=\"elementor-heading-title elementor-size-default\">Our glass and window cleaning services include<\/h1>\t\t<\/div>\n\t\t\t\t<\/div>\n\t\t\t\t<div class=\"elementor-element elementor-element-5ac6944 elementor-widget elementor-widget-text-editor\" data-id=\"5ac6944\" data-element_type=\"widget\" data-widget_type=\"text-editor.default\">\n\t\t\t\t<div class=\"elementor-widget-container\">\n\t\t\t\t\t\t\t<p>We attach great importance to safety and environmental protection. That's why we only use environmentally friendly cleaning agents and state-of-the-art cleaning techniques to ensure a clean and healthy working environment for your employees and customers. Our specialists are carefully trained and equipped to clean windows and glass surfaces at great heights safely and efficiently.<\/p><p>Whether you run a small business, a large office building or a public facility, our glass and window cleaning services can be customised to suit your individual requirements. We offer flexible cleaning schedules tailored to your needs and the timings of your business to ensure cleaning work is always carried out on time and efficiently.<\/p><p>Contact us today to get a no-obligation quote for our glass and window cleaning services.<\/p>\t\t\t\t\t\t<\/div>\n\t\t\t\t<\/div>\n\t\t\t\t<\/div>\n\t\t\t\t\t<\/div>\n\t\t\t\t<\/div>\n\t\t<div class=\"elementor-element elementor-element-9918f02 e-grid e-con-boxed e-con e-parent\" data-id=\"9918f02\" data-element_type=\"container\" data-settings=\"{&quot;background_background&quot;:&quot;classic&quot;,&quot;jet_parallax_layout_list&quot;:[]}\" data-core-v316-plus=\"true\">\n\t\t\t\t\t<div class=\"e-con-inner\">\n\t\t<div class=\"elementor-element elementor-element-39da4cc e-con-full e-flex e-con e-child\" data-id=\"39da4cc\" data-element_type=\"container\" data-settings=\"{&quot;background_background&quot;:&quot;classic&quot;,&quot;jet_parallax_layout_list&quot;:[]}\">\n\t\t<div class=\"elementor-element elementor-element-11371e4 e-flex e-con-boxed e-con e-child\" data-id=\"11371e4\" data-element_type=\"container\" data-settings=\"{&quot;jet_parallax_layout_list&quot;:[]}\">\n\t\t\t\t\t<div class=\"e-con-inner\">\n\t\t\t\t<div class=\"elementor-element elementor-element-77ea8d3 elementor-widget elementor-widget-heading\" data-id=\"77ea8d3\" data-element_type=\"widget\" data-widget_type=\"heading.default\">\n\t\t\t\t<div class=\"elementor-widget-container\">\n\t\t\t<h3 class=\"elementor-heading-title elementor-size-default\">Cleaning interior and exterior windows<\/h3>\t\t<\/div>\n\t\t\t\t<\/div>\n\t\t\t\t\t<\/div>\n\t\t\t\t<\/div>\n\t\t\t\t<\/div>\n\t\t<div class=\"elementor-element elementor-element-aae571e e-con-full e-flex e-con e-child\" data-id=\"aae571e\" data-element_type=\"container\" data-settings=\"{&quot;background_background&quot;:&quot;classic&quot;,&quot;jet_parallax_layout_list&quot;:[]}\">\n\t\t<div class=\"elementor-element elementor-element-900c4a2 e-flex e-con-boxed e-con e-child\" data-id=\"900c4a2\" data-element_type=\"container\" data-settings=\"{&quot;jet_parallax_layout_list&quot;:[]}\">\n\t\t\t\t\t<div class=\"e-con-inner\">\n\t\t\t\t<div class=\"elementor-element elementor-element-2b92677 elementor-widget elementor-widget-heading\" data-id=\"2b92677\" data-element_type=\"widget\" data-widget_type=\"heading.default\">\n\t\t\t\t<div class=\"elementor-widget-container\">\n\t\t\t<h3 class=\"elementor-heading-title elementor-size-default\">Cleaning glass facades and shop windows<\/h3>\t\t<\/div>\n\t\t\t\t<\/div>\n\t\t\t\t\t<\/div>\n\t\t\t\t<\/div>\n\t\t\t\t<\/div>\n\t\t<div class=\"elementor-element elementor-element-3135662 e-con-full e-flex e-con e-child\" data-id=\"3135662\" data-element_type=\"container\" data-settings=\"{&quot;background_background&quot;:&quot;classic&quot;,&quot;jet_parallax_layout_list&quot;:[]}\">\n\t\t<div class=\"elementor-element elementor-element-09d5ff0 e-flex e-con-boxed e-con e-child\" data-id=\"09d5ff0\" data-element_type=\"container\" data-settings=\"{&quot;jet_parallax_layout_list&quot;:[]}\">\n\t\t\t\t\t<div class=\"e-con-inner\">\n\t\t\t\t<div class=\"elementor-element elementor-element-aade6d2 elementor-widget elementor-widget-heading\" data-id=\"aade6d2\" data-element_type=\"widget\" data-widget_type=\"heading.default\">\n\t\t\t\t<div class=\"elementor-widget-container\">\n\t\t\t<h3 class=\"elementor-heading-title elementor-size-default\">Removal of dirt and deposits<\/h3>\t\t<\/div>\n\t\t\t\t<\/div>\n\t\t\t\t\t<\/div>\n\t\t\t\t<\/div>\n\t\t\t\t<\/div>\n\t\t<div class=\"elementor-element elementor-element-8d61b54 e-con-full e-flex e-con e-child\" data-id=\"8d61b54\" data-element_type=\"container\" data-settings=\"{&quot;background_background&quot;:&quot;classic&quot;,&quot;jet_parallax_layout_list&quot;:[]}\">\n\t\t<div class=\"elementor-element elementor-element-0890d6d e-flex e-con-boxed e-con e-child\" data-id=\"0890d6d\" data-element_type=\"container\" data-settings=\"{&quot;jet_parallax_layout_list&quot;:[]}\">\n\t\t\t\t\t<div class=\"e-con-inner\">\n\t\t\t\t<div class=\"elementor-element elementor-element-863d205 elementor-widget elementor-widget-heading\" data-id=\"863d205\" data-element_type=\"widget\" data-widget_type=\"heading.default\">\n\t\t\t\t<div class=\"elementor-widget-container\">\n\t\t\t<h3 class=\"elementor-heading-title elementor-size-default\">Cleaning glazing, partition walls and glass doors<\/h3>\t\t<\/div>\n\t\t\t\t<\/div>\n\t\t\t\t\t<\/div>\n\t\t\t\t<\/div>\n\t\t\t\t<\/div>\n\t\t<div class=\"elementor-element elementor-element-c0f8ee9 e-con-full e-flex e-con e-child\" data-id=\"c0f8ee9\" data-element_type=\"container\" data-settings=\"{&quot;background_background&quot;:&quot;classic&quot;,&quot;jet_parallax_layout_list&quot;:[]}\">\n\t\t<div class=\"elementor-element elementor-element-8c4cf4a e-flex e-con-boxed e-con e-child\" data-id=\"8c4cf4a\" data-element_type=\"container\" data-settings=\"{&quot;jet_parallax_layout_list&quot;:[]}\">\n\t\t\t\t\t<div class=\"e-con-inner\">\n\t\t\t\t<div class=\"elementor-element elementor-element-883f880 elementor-widget elementor-widget-heading\" data-id=\"883f880\" data-element_type=\"widget\" data-widget_type=\"heading.default\">\n\t\t\t\t<div class=\"elementor-widget-container\">\n\t\t\t<h3 class=\"elementor-heading-title elementor-size-default\">Environmentally friendly cleaning agents and techniques<\/h3>\t\t<\/div>\n\t\t\t\t<\/div>\n\t\t\t\t\t<\/div>\n\t\t\t\t<\/div>\n\t\t\t\t<\/div>\n\t\t<div class=\"elementor-element elementor-element-e7c2b65 e-con-full e-flex e-con e-child\" data-id=\"e7c2b65\" data-element_type=\"container\" data-settings=\"{&quot;background_background&quot;:&quot;classic&quot;,&quot;jet_parallax_layout_list&quot;:[]}\">\n\t\t<div class=\"elementor-element elementor-element-79f464f e-flex e-con-boxed e-con e-child\" data-id=\"79f464f\" data-element_type=\"container\" data-settings=\"{&quot;jet_parallax_layout_list&quot;:[]}\">\n\t\t\t\t\t<div class=\"e-con-inner\">\n\t\t\t\t<div class=\"elementor-element elementor-element-d265a79 elementor-widget elementor-widget-heading\" data-id=\"d265a79\" data-element_type=\"widget\" data-widget_type=\"heading.default\">\n\t\t\t\t<div class=\"elementor-widget-container\">\n\t\t\t<h3 class=\"elementor-heading-title elementor-size-default\">Cleaning hard-to-reach areas and windows at great heights<\/h3>\t\t<\/div>\n\t\t\t\t<\/div>\n\t\t\t\t\t<\/div>\n\t\t\t\t<\/div>\n\t\t\t\t<\/div>\n\t\t\t\t\t<\/div>\n\t\t\t\t<\/div>\n\t\t<div class=\"elementor-element elementor-element-57c0e7c e-con-full e-grid e-con e-parent\" data-id=\"57c0e7c\" data-element_type=\"container\" data-settings=\"{&quot;jet_parallax_layout_list&quot;:[],&quot;background_background&quot;:&quot;classic&quot;}\" data-core-v316-plus=\"true\">\n\t\t\t\t<div class=\"elementor-element elementor-element-5d1db37 elementor-widget-mobile__width-initial elementor-widget elementor-widget-image\" data-id=\"5d1db37\" data-element_type=\"widget\" data-widget_type=\"image.default\">\n\t\t\t\t<div class=\"elementor-widget-container\">\n\t\t\t<style>\/*! elementor - v3.20.0 - 26-03-2024 *\/\n.elementor-widget-image{text-align:center}.elementor-widget-image a{display:inline-block}.elementor-widget-image a img[src$=\".svg\"]{width:48px}.elementor-widget-image img{vertical-align:middle;display:inline-block}<\/style>\t\t\t\t\t\t\t\t\t\t<img fetchpriority=\"high\" decoding=\"async\" width=\"800\" height=\"533\" src=\"https:\/\/leostopteam.de\/wp-content\/uploads\/2024\/03\/Ltt-Gebaeude-web-2-1024x682.jpg\" class=\"attachment-large size-large wp-image-2032\" alt=\"\" srcset=\"https:\/\/leostopteam.de\/wp-content\/uploads\/2024\/03\/Ltt-Gebaeude-web-2-1024x682.jpg 1024w, https:\/\/leostopteam.de\/wp-content\/uploads\/2024\/03\/Ltt-Gebaeude-web-2-300x200.jpg 300w, https:\/\/leostopteam.de\/wp-content\/uploads\/2024\/03\/Ltt-Gebaeude-web-2-768x512.jpg 768w, https:\/\/leostopteam.de\/wp-content\/uploads\/2024\/03\/Ltt-Gebaeude-web-2-1536x1024.jpg 1536w, https:\/\/leostopteam.de\/wp-content\/uploads\/2024\/03\/Ltt-Gebaeude-web-2-18x12.jpg 18w, https:\/\/leostopteam.de\/wp-content\/uploads\/2024\/03\/Ltt-Gebaeude-web-2.jpg 2000w\" sizes=\"(max-width: 800px) 100vw, 800px\" title=\"\">\t\t\t\t\t\t\t\t\t\t\t\t\t<\/div>\n\t\t\t\t<\/div>\n\t\t\t\t<div class=\"elementor-element elementor-element-12e8bd1 elementor-widget-mobile__width-initial elementor-widget elementor-widget-image\" data-id=\"12e8bd1\" data-element_type=\"widget\" data-widget_type=\"image.default\">\n\t\t\t\t<div class=\"elementor-widget-container\">\n\t\t\t\t\t\t\t\t\t\t\t\t\t<img decoding=\"async\" width=\"800\" height=\"534\" src=\"https:\/\/leostopteam.de\/wp-content\/uploads\/2023\/11\/Leos-Top-Team-2726-1024x683.jpg\" class=\"attachment-large size-large wp-image-1063\" alt=\"\" srcset=\"https:\/\/leostopteam.de\/wp-content\/uploads\/2023\/11\/Leos-Top-Team-2726-1024x683.jpg 1024w, https:\/\/leostopteam.de\/wp-content\/uploads\/2023\/11\/Leos-Top-Team-2726-300x200.jpg 300w, https:\/\/leostopteam.de\/wp-content\/uploads\/2023\/11\/Leos-Top-Team-2726-768x512.jpg 768w, https:\/\/leostopteam.de\/wp-content\/uploads\/2023\/11\/Leos-Top-Team-2726-1536x1024.jpg 1536w, https:\/\/leostopteam.de\/wp-content\/uploads\/2023\/11\/Leos-Top-Team-2726-2048x1365.jpg 2048w\" sizes=\"(max-width: 800px) 100vw, 800px\" title=\"\">\t\t\t\t\t\t\t\t\t\t\t\t\t<\/div>\n\t\t\t\t<\/div>\n\t\t\t\t<div class=\"elementor-element elementor-element-d3a59b1 elementor-widget-mobile__width-initial elementor-widget elementor-widget-image\" data-id=\"d3a59b1\" data-element_type=\"widget\" data-widget_type=\"image.default\">\n\t\t\t\t<div class=\"elementor-widget-container\">\n\t\t\t\t\t\t\t\t\t\t\t\t\t<img decoding=\"async\" width=\"800\" height=\"534\" src=\"https:\/\/leostopteam.de\/wp-content\/uploads\/2023\/11\/Leos-Top-Team-2847-1024x683.jpg\" class=\"attachment-large size-large wp-image-1067\" alt=\"\" srcset=\"https:\/\/leostopteam.de\/wp-content\/uploads\/2023\/11\/Leos-Top-Team-2847-1024x683.jpg 1024w, https:\/\/leostopteam.de\/wp-content\/uploads\/2023\/11\/Leos-Top-Team-2847-300x200.jpg 300w, https:\/\/leostopteam.de\/wp-content\/uploads\/2023\/11\/Leos-Top-Team-2847-768x512.jpg 768w, https:\/\/leostopteam.de\/wp-content\/uploads\/2023\/11\/Leos-Top-Team-2847-1536x1024.jpg 1536w, https:\/\/leostopteam.de\/wp-content\/uploads\/2023\/11\/Leos-Top-Team-2847-2048x1365.jpg 2048w\" sizes=\"(max-width: 800px) 100vw, 800px\" title=\"\">\t\t\t\t\t\t\t\t\t\t\t\t\t<\/div>\n\t\t\t\t<\/div>\n\t\t\t\t<div class=\"elementor-element elementor-element-374dd4a elementor-widget-mobile__width-initial elementor-widget elementor-widget-image\" data-id=\"374dd4a\" data-element_type=\"widget\" data-widget_type=\"image.default\">\n\t\t\t\t<div class=\"elementor-widget-container\">\n\t\t\t\t\t\t\t\t\t\t\t\t\t<img loading=\"lazy\" decoding=\"async\" width=\"800\" height=\"534\" src=\"https:\/\/leostopteam.de\/wp-content\/uploads\/2023\/05\/Leos-Top-Team-51-1024x684.jpg\" class=\"attachment-large size-large wp-image-78\" alt=\"\" srcset=\"https:\/\/leostopteam.de\/wp-content\/uploads\/2023\/05\/Leos-Top-Team-51-1024x684.jpg 1024w, https:\/\/leostopteam.de\/wp-content\/uploads\/2023\/05\/Leos-Top-Team-51-300x200.jpg 300w, https:\/\/leostopteam.de\/wp-content\/uploads\/2023\/05\/Leos-Top-Team-51-768x513.jpg 768w, https:\/\/leostopteam.de\/wp-content\/uploads\/2023\/05\/Leos-Top-Team-51-1536x1025.jpg 1536w, https:\/\/leostopteam.de\/wp-content\/uploads\/2023\/05\/Leos-Top-Team-51-2048x1367.jpg 2048w\" sizes=\"(max-width: 800px) 100vw, 800px\" title=\"\">\t\t\t\t\t\t\t\t\t\t\t\t\t<\/div>\n\t\t\t\t<\/div>\n\t\t\t\t<div class=\"elementor-element elementor-element-bcfb530 elementor-widget-mobile__width-initial elementor-widget elementor-widget-image\" data-id=\"bcfb530\" data-element_type=\"widget\" data-widget_type=\"image.default\">\n\t\t\t\t<div class=\"elementor-widget-container\">\n\t\t\t\t\t\t\t\t\t\t\t\t\t<img loading=\"lazy\" decoding=\"async\" width=\"800\" height=\"534\" src=\"https:\/\/leostopteam.de\/wp-content\/uploads\/2024\/03\/Leos-Top-Team-34-1024x684.jpg\" class=\"attachment-large size-large wp-image-1678\" alt=\"\" srcset=\"https:\/\/leostopteam.de\/wp-content\/uploads\/2024\/03\/Leos-Top-Team-34-1024x684.jpg 1024w, https:\/\/leostopteam.de\/wp-content\/uploads\/2024\/03\/Leos-Top-Team-34-300x200.jpg 300w, https:\/\/leostopteam.de\/wp-content\/uploads\/2024\/03\/Leos-Top-Team-34-768x513.jpg 768w, https:\/\/leostopteam.de\/wp-content\/uploads\/2024\/03\/Leos-Top-Team-34-1536x1025.jpg 1536w, https:\/\/leostopteam.de\/wp-content\/uploads\/2024\/03\/Leos-Top-Team-34-2048x1367.jpg 2048w, https:\/\/leostopteam.de\/wp-content\/uploads\/2024\/03\/Leos-Top-Team-34-18x12.jpg 18w\" sizes=\"(max-width: 800px) 100vw, 800px\" title=\"\">\t\t\t\t\t\t\t\t\t\t\t\t\t<\/div>\n\t\t\t\t<\/div>\n\t\t\t\t<div class=\"elementor-element elementor-element-1a76b22 elementor-widget-mobile__width-initial elementor-widget elementor-widget-image\" data-id=\"1a76b22\" data-element_type=\"widget\" data-widget_type=\"image.default\">\n\t\t\t\t<div class=\"elementor-widget-container\">\n\t\t\t\t\t\t\t\t\t\t\t\t\t<img loading=\"lazy\" decoding=\"async\" width=\"800\" height=\"534\" src=\"https:\/\/leostopteam.de\/wp-content\/uploads\/2023\/05\/Leos-Top-Team-47-1024x683.jpg\" class=\"attachment-large size-large wp-image-74\" alt=\"\" srcset=\"https:\/\/leostopteam.de\/wp-content\/uploads\/2023\/05\/Leos-Top-Team-47-1024x683.jpg 1024w, https:\/\/leostopteam.de\/wp-content\/uploads\/2023\/05\/Leos-Top-Team-47-300x200.jpg 300w, https:\/\/leostopteam.de\/wp-content\/uploads\/2023\/05\/Leos-Top-Team-47-768x512.jpg 768w, https:\/\/leostopteam.de\/wp-content\/uploads\/2023\/05\/Leos-Top-Team-47-1536x1024.jpg 1536w, https:\/\/leostopteam.de\/wp-content\/uploads\/2023\/05\/Leos-Top-Team-47-2048x1366.jpg 2048w\" sizes=\"(max-width: 800px) 100vw, 800px\" title=\"\">\t\t\t\t\t\t\t\t\t\t\t\t\t<\/div>\n\t\t\t\t<\/div>\n\t\t\t\t<\/div>\n\t\t\t\t<\/div>","protected":false},"excerpt":{"rendered":"<p>FENSTERREINIGUNG Wir wissen, dass saubere und gepflegte Fenster den \u00e4sthetischen Wert Ihrer R\u00e4umlichkeiten erh\u00f6hen und ein einladendes Erscheinungsbild f\u00fcr Mitarbeiter, Kunden und Besucher schaffen. Unsere erfahrenen und geschulten Fachkr\u00e4fte sorgen daf\u00fcr, dass Ihre Glasfl\u00e4chen und Fenster jederzeit in einwandfreiem Zustand sind. Unser Glas- und Fensterreinigungsangebot umfasst: Wir legen gro\u00dfen Wert auf Sicherheit und Umweltschutz. Daher [&hellip;]<\/p>","protected":false},"author":1,"featured_media":78,"parent":0,"menu_order":0,"comment_status":"closed","ping_status":"closed","template":"elementor_header_footer","meta":{"_jet_sm_ready_style":"","_jet_sm_style":"","_jet_sm_controls_values":"","_jet_sm_fonts_collection":"","_jet_sm_fonts_links":"","footnotes":""},"_links":{"self":[{"href":"https:\/\/leostopteam.de\/en\/wp-json\/wp\/v2\/pages\/644"}],"collection":[{"href":"https:\/\/leostopteam.de\/en\/wp-json\/wp\/v2\/pages"}],"about":[{"href":"https:\/\/leostopteam.de\/en\/wp-json\/wp\/v2\/types\/page"}],"author":[{"embeddable":true,"href":"https:\/\/leostopteam.de\/en\/wp-json\/wp\/v2\/users\/1"}],"replies":[{"embeddable":true,"href":"https:\/\/leostopteam.de\/en\/wp-json\/wp\/v2\/comments?post=644"}],"version-history":[{"count":43,"href":"https:\/\/leostopteam.de\/en\/wp-json\/wp\/v2\/pages\/644\/revisions"}],"predecessor-version":[{"id":2343,"href":"https:\/\/leostopteam.de\/en\/wp-json\/wp\/v2\/pages\/644\/revisions\/2343"}],"wp:featuredmedia":[{"embeddable":true,"href":"https:\/\/leostopteam.de\/en\/wp-json\/wp\/v2\/media\/78"}],"wp:attachment":[{"href":"https:\/\/leostopteam.de\/en\/wp-json\/wp\/v2\/media?parent=644"}],"curies":[{"name":"wp","href":"https:\/\/api.w.org\/{rel}","templated":true}]}}