{"id":423,"date":"2023-05-07T19:16:08","date_gmt":"2023-05-07T19:16:08","guid":{"rendered":"https:\/\/leostopteam.de\/?page_id=423"},"modified":"2024-03-27T11:55:56","modified_gmt":"2024-03-27T11:55:56","slug":"unterhaltsreinigung","status":"publish","type":"page","link":"https:\/\/leostopteam.de\/en\/unterhaltsreinigung\/","title":{"rendered":"Maintenance cleaning"},"content":{"rendered":"<div data-elementor-type=\"wp-page\" data-elementor-id=\"423\" class=\"elementor elementor-423\" data-elementor-post-type=\"page\">\n\t\t\t\t<header class=\"elementor-element elementor-element-4a4cd3b e-con-full e-flex e-con e-parent\" data-id=\"4a4cd3b\" data-element_type=\"container\" data-settings=\"{&quot;background_background&quot;:&quot;classic&quot;,&quot;jet_parallax_layout_list&quot;:[]}\" data-e-bg-lazyload=\"\" data-core-v316-plus=\"true\">\n\t\t<div class=\"elementor-element elementor-element-e4ed078 e-con-full e-flex e-con e-child\" data-id=\"e4ed078\" data-element_type=\"container\" data-settings=\"{&quot;background_background&quot;:&quot;video&quot;,&quot;jet_parallax_layout_list&quot;:[]}\">\n\t\t<div class=\"elementor-element elementor-element-79b9483 e-con-full e-flex e-con e-child\" data-id=\"79b9483\" data-element_type=\"container\" data-settings=\"{&quot;background_background&quot;:&quot;classic&quot;,&quot;jet_parallax_layout_list&quot;:[]}\">\n\t\t\t\t<\/div>\n\t\t\t\t<\/div>\n\t\t\t\t<\/header>\n\t\t<div class=\"elementor-element elementor-element-8c1ed18 e-flex e-con-boxed e-con e-parent\" data-id=\"8c1ed18\" data-element_type=\"container\" data-settings=\"{&quot;background_background&quot;:&quot;classic&quot;,&quot;jet_parallax_layout_list&quot;:[]}\" data-core-v316-plus=\"true\">\n\t\t\t\t\t<div class=\"e-con-inner\">\n\t\t<div class=\"elementor-element elementor-element-d370796 e-con-full e-flex e-con e-child\" data-id=\"d370796\" data-element_type=\"container\" data-settings=\"{&quot;jet_parallax_layout_list&quot;:[]}\">\n\t\t\t\t<div class=\"elementor-element elementor-element-20f3fce elementor-widget elementor-widget-heading\" data-id=\"20f3fce\" data-element_type=\"widget\" data-widget_type=\"heading.default\">\n\t\t\t\t<div class=\"elementor-widget-container\">\n\t\t\t<style>\/*! elementor - v3.20.0 - 26-03-2024 *\/\n.elementor-heading-title{padding:0;margin:0;line-height:1}.elementor-widget-heading .elementor-heading-title[class*=elementor-size-]>a{color:inherit;font-size:inherit;line-height:inherit}.elementor-widget-heading .elementor-heading-title.elementor-size-small{font-size:15px}.elementor-widget-heading .elementor-heading-title.elementor-size-medium{font-size:19px}.elementor-widget-heading .elementor-heading-title.elementor-size-large{font-size:29px}.elementor-widget-heading .elementor-heading-title.elementor-size-xl{font-size:39px}.elementor-widget-heading .elementor-heading-title.elementor-size-xxl{font-size:59px}<\/style><h1 class=\"elementor-heading-title elementor-size-default\">MAINTENANCE CLEANING<\/h1>\t\t<\/div>\n\t\t\t\t<\/div>\n\t\t\t\t<div class=\"elementor-element elementor-element-5adba9d elementor-widget elementor-widget-text-editor\" data-id=\"5adba9d\" data-element_type=\"widget\" data-widget_type=\"text-editor.default\">\n\t\t\t\t<div class=\"elementor-widget-container\">\n\t\t\t<style>\/*! elementor - v3.20.0 - 26-03-2024 *\/\n.elementor-widget-text-editor.elementor-drop-cap-view-stacked .elementor-drop-cap{background-color:#69727d;color:#fff}.elementor-widget-text-editor.elementor-drop-cap-view-framed .elementor-drop-cap{color:#69727d;border:3px solid;background-color:transparent}.elementor-widget-text-editor:not(.elementor-drop-cap-view-default) .elementor-drop-cap{margin-top:8px}.elementor-widget-text-editor:not(.elementor-drop-cap-view-default) .elementor-drop-cap-letter{width:1em;height:1em}.elementor-widget-text-editor .elementor-drop-cap{float:left;text-align:center;line-height:1;font-size:50px}.elementor-widget-text-editor .elementor-drop-cap-letter{display:inline-block}<\/style>\t\t\t\t<p>Regular cleaning refers to the consistent (e.g. daily) cleaning of a building. This type of cleaning helps to keep your building clean and hygienic overall, which in turn maintains its value. The concept combines several cleaning aspects and is characterised by a constant process and comprehensive maintenance. The frequency of cleaning and the areas covered are determined by you.<\/p>\t\t\t\t\t\t<\/div>\n\t\t\t\t<\/div>\n\t\t\t\t<\/div>\n\t\t\t\t\t<\/div>\n\t\t\t\t<\/div>\n\t\t<div class=\"elementor-element elementor-element-bc73e9e e-con-full e-flex e-con e-parent\" data-id=\"bc73e9e\" data-element_type=\"container\" data-settings=\"{&quot;background_background&quot;:&quot;classic&quot;,&quot;jet_parallax_layout_list&quot;:[]}\" data-core-v316-plus=\"true\">\n\t\t<div class=\"elementor-element elementor-element-b4067c3 e-con-full e-flex e-con e-child\" data-id=\"b4067c3\" data-element_type=\"container\" data-settings=\"{&quot;jet_parallax_layout_list&quot;:[],&quot;background_background&quot;:&quot;classic&quot;}\">\n\t\t\t\t<div class=\"elementor-element elementor-element-d149ce2 elementor-widget elementor-widget-heading\" data-id=\"d149ce2\" data-element_type=\"widget\" data-widget_type=\"heading.default\">\n\t\t\t\t<div class=\"elementor-widget-container\">\n\t\t\t<h2 class=\"elementor-heading-title elementor-size-default\">What aspects does regular cleaning involve?<\/h2>\t\t<\/div>\n\t\t\t\t<\/div>\n\t\t\t\t<div class=\"elementor-element elementor-element-1b168ef elementor-widget__width-initial elementor-widget elementor-widget-text-editor\" data-id=\"1b168ef\" data-element_type=\"widget\" data-widget_type=\"text-editor.default\">\n\t\t\t\t<div class=\"elementor-widget-container\">\n\t\t\t\t\t\t\t<p>As many people use different items in your building and cause soiling, it is important that everything is brought back to a tidy state. <br \/>This is exactly where regular cleaning comes into play in all areas of your building. <br \/>These include:<\/p>\t\t\t\t\t\t<\/div>\n\t\t\t\t<\/div>\n\t\t\t\t<div class=\"elementor-element elementor-element-e27ba54 elementor-widget__width-initial elementor-widget-mobile__width-initial elementor-widget elementor-widget-text-editor\" data-id=\"e27ba54\" data-element_type=\"widget\" data-widget_type=\"text-editor.default\">\n\t\t\t\t<div class=\"elementor-widget-container\">\n\t\t\t\t\t\t\t<ul><li>Floor coverings<\/li><li>Carpet cleaning<\/li><li>Upholstery cleaning<\/li><li>Leather care<\/li><li>Kitchen cleaning<\/li><li>Sanitary areas<\/li><li>Sanitary facilities<\/li><li>Workplaces<\/li><li>Office supplies and computers<\/li><li>Furniture cleaning<\/li><li>Housekeeping activities<\/li><li>Laundry of work clothes<\/li><li>Floor mat service<\/li><li>Procurement of hygiene and cleaning products<\/li><\/ul>\t\t\t\t\t\t<\/div>\n\t\t\t\t<\/div>\n\t\t\t\t<\/div>\n\t\t\t\t<\/div>\n\t\t<div class=\"elementor-element elementor-element-8c160da e-flex e-con-boxed e-con e-parent\" data-id=\"8c160da\" data-element_type=\"container\" data-settings=\"{&quot;background_background&quot;:&quot;classic&quot;,&quot;jet_parallax_layout_list&quot;:[]}\" data-core-v316-plus=\"true\">\n\t\t\t\t\t<div class=\"e-con-inner\">\n\t\t<div class=\"elementor-element elementor-element-2c3c708 e-con-full e-flex e-con e-child\" data-id=\"2c3c708\" data-element_type=\"container\" data-settings=\"{&quot;jet_parallax_layout_list&quot;:[]}\">\n\t\t\t\t<div class=\"elementor-element elementor-element-46d3f3b elementor-widget elementor-widget-heading\" data-id=\"46d3f3b\" data-element_type=\"widget\" data-widget_type=\"heading.default\">\n\t\t\t\t<div class=\"elementor-widget-container\">\n\t\t\t<h1 class=\"elementor-heading-title elementor-size-default\">For which customers is regular cleaning appropriate?\n<\/h1>\t\t<\/div>\n\t\t\t\t<\/div>\n\t\t\t\t<div class=\"elementor-element elementor-element-f54baee elementor-widget elementor-widget-text-editor\" data-id=\"f54baee\" data-element_type=\"widget\" data-widget_type=\"text-editor.default\">\n\t\t\t\t<div class=\"elementor-widget-container\">\n\t\t\t\t\t\t\t<p>Regular cleaning is mainly attractive for commercial customers who use this service frequently. Typical customers include offices, shops, shopping centres, cinemas, airports, schools and all other buildings where employees, customers and business partners come and go. Such properties should always be in perfect condition in order to leave a well-kept impression. Hospitals, doctors' surgeries and care homes must also always be hygienically immaculate, not only to create an impression that inspires confidence, but also to comply with applicable hygiene regulations.\u00a0<\/p><p>Professional, regular cleaning covers certain areas in every building. You can discuss with us in advance exactly which areas of your building need to be covered. In general, however, regular cleaning involves a wide-ranging building cleaning programme that combines several elements. You can combine corridor and stairwell cleaning with office cleaning and\/or kitchen cleaning to clean your entire building.<\/p><p>Employees and visitors will appreciate the cleanliness.<\/p>\t\t\t\t\t\t<\/div>\n\t\t\t\t<\/div>\n\t\t\t\t<\/div>\n\t\t\t\t\t<\/div>\n\t\t\t\t<\/div>\n\t\t<div class=\"elementor-element elementor-element-de590d5 e-flex e-con-boxed e-con e-parent\" data-id=\"de590d5\" data-element_type=\"container\" data-settings=\"{&quot;background_background&quot;:&quot;classic&quot;,&quot;jet_parallax_layout_list&quot;:[]}\" data-core-v316-plus=\"true\">\n\t\t\t\t\t<div class=\"e-con-inner\">\n\t\t<div class=\"elementor-element elementor-element-bc58703 e-con-full e-flex e-con e-child\" data-id=\"bc58703\" data-element_type=\"container\" data-settings=\"{&quot;jet_parallax_layout_list&quot;:[]}\">\n\t\t\t\t<div class=\"elementor-element elementor-element-8200a9f elementor-widget elementor-widget-heading\" data-id=\"8200a9f\" data-element_type=\"widget\" data-widget_type=\"heading.default\">\n\t\t\t\t<div class=\"elementor-widget-container\">\n\t\t\t<h1 class=\"elementor-heading-title elementor-size-default\">How often should regular cleaning be carried out?\n<\/h1>\t\t<\/div>\n\t\t\t\t<\/div>\n\t\t\t\t<div class=\"elementor-element elementor-element-cd04da8 elementor-widget elementor-widget-text-editor\" data-id=\"cd04da8\" data-element_type=\"widget\" data-widget_type=\"text-editor.default\">\n\t\t\t\t<div class=\"elementor-widget-container\">\n\t\t\t\t\t\t\t<p>This depends on your individual needs. There are good reasons for regular cleaning if the building is used by the public every day: daily soiling that needs to be removed the next day. So if there are always a lot of people in your building, we recommend having regular cleaning carried out daily. In other cases, such as smaller offices, it is often sufficient for a cleaner to visit once a week to ensure cleanliness.<\/p>\t\t\t\t\t\t<\/div>\n\t\t\t\t<\/div>\n\t\t\t\t<\/div>\n\t\t\t\t\t<\/div>\n\t\t\t\t<\/div>\n\t\t<div class=\"elementor-element elementor-element-e5ba9b6 e-flex e-con-boxed e-con e-parent\" data-id=\"e5ba9b6\" data-element_type=\"container\" data-settings=\"{&quot;background_background&quot;:&quot;classic&quot;,&quot;jet_parallax_layout_list&quot;:[]}\" data-core-v316-plus=\"true\">\n\t\t\t\t\t<div class=\"e-con-inner\">\n\t\t<div class=\"elementor-element elementor-element-860791b e-con-full e-flex e-con e-child\" data-id=\"860791b\" data-element_type=\"container\" data-settings=\"{&quot;jet_parallax_layout_list&quot;:[]}\">\n\t\t\t\t<div class=\"elementor-element elementor-element-6bd4465 elementor-widget elementor-widget-heading\" data-id=\"6bd4465\" data-element_type=\"widget\" data-widget_type=\"heading.default\">\n\t\t\t\t<div class=\"elementor-widget-container\">\n\t\t\t<h1 class=\"elementor-heading-title elementor-size-default\">Regular cleaning<br \/>by LTT<\/h1>\t\t<\/div>\n\t\t\t\t<\/div>\n\t\t\t\t<div class=\"elementor-element elementor-element-fc8d6e1 elementor-widget elementor-widget-text-editor\" data-id=\"fc8d6e1\" data-element_type=\"widget\" data-widget_type=\"text-editor.default\">\n\t\t\t\t<div class=\"elementor-widget-container\">\n\t\t\t\t\t\t\t<p>LEO'S TOP TEAM looks after administrative offices, banks, insurance companies, doctors' surgeries, self-service markets, commercial offices and halls, shops, retirement homes and sports facilities. Our qualified room cleaners work on the basis of structured schedules that are precisely tailored to the customer's needs.\u00a0<\/p><p>In this way, we guarantee you a clean working environment without compromising your day-to-day work.<\/p>\t\t\t\t\t\t<\/div>\n\t\t\t\t<\/div>\n\t\t\t\t<\/div>\n\t\t\t\t\t<\/div>\n\t\t\t\t<\/div>\n\t\t<div class=\"elementor-element elementor-element-0cc77ef e-con-full e-grid e-con e-parent\" data-id=\"0cc77ef\" data-element_type=\"container\" data-settings=\"{&quot;jet_parallax_layout_list&quot;:[],&quot;background_background&quot;:&quot;classic&quot;}\" data-core-v316-plus=\"true\">\n\t\t\t\t<div class=\"elementor-element elementor-element-6cc6fec elementor-widget-mobile__width-initial elementor-widget elementor-widget-image\" data-id=\"6cc6fec\" data-element_type=\"widget\" data-widget_type=\"image.default\">\n\t\t\t\t<div class=\"elementor-widget-container\">\n\t\t\t<style>\/*! elementor - v3.20.0 - 26-03-2024 *\/\n.elementor-widget-image{text-align:center}.elementor-widget-image a{display:inline-block}.elementor-widget-image a img[src$=\".svg\"]{width:48px}.elementor-widget-image img{vertical-align:middle;display:inline-block}<\/style>\t\t\t\t\t\t\t\t\t\t<img fetchpriority=\"high\" decoding=\"async\" width=\"800\" height=\"534\" src=\"https:\/\/leostopteam.de\/wp-content\/uploads\/2023\/05\/Leos-Top-Team-16-1024x684.jpg\" class=\"attachment-large size-large wp-image-43\" alt=\"\" srcset=\"https:\/\/leostopteam.de\/wp-content\/uploads\/2023\/05\/Leos-Top-Team-16-1024x684.jpg 1024w, https:\/\/leostopteam.de\/wp-content\/uploads\/2023\/05\/Leos-Top-Team-16-300x200.jpg 300w, https:\/\/leostopteam.de\/wp-content\/uploads\/2023\/05\/Leos-Top-Team-16-768x513.jpg 768w, https:\/\/leostopteam.de\/wp-content\/uploads\/2023\/05\/Leos-Top-Team-16-1536x1025.jpg 1536w, https:\/\/leostopteam.de\/wp-content\/uploads\/2023\/05\/Leos-Top-Team-16-2048x1367.jpg 2048w\" sizes=\"(max-width: 800px) 100vw, 800px\" title=\"\">\t\t\t\t\t\t\t\t\t\t\t\t\t<\/div>\n\t\t\t\t<\/div>\n\t\t\t\t<div class=\"elementor-element elementor-element-c986473 elementor-widget-mobile__width-initial elementor-widget elementor-widget-image\" data-id=\"c986473\" data-element_type=\"widget\" data-widget_type=\"image.default\">\n\t\t\t\t<div class=\"elementor-widget-container\">\n\t\t\t\t\t\t\t\t\t\t\t\t\t<img decoding=\"async\" width=\"800\" height=\"534\" src=\"https:\/\/leostopteam.de\/wp-content\/uploads\/2023\/11\/Leos-Top-Team-4287-1024x684.jpg\" class=\"attachment-large size-large wp-image-1085\" alt=\"\" srcset=\"https:\/\/leostopteam.de\/wp-content\/uploads\/2023\/11\/Leos-Top-Team-4287-1024x684.jpg 1024w, https:\/\/leostopteam.de\/wp-content\/uploads\/2023\/11\/Leos-Top-Team-4287-300x200.jpg 300w, https:\/\/leostopteam.de\/wp-content\/uploads\/2023\/11\/Leos-Top-Team-4287-768x513.jpg 768w, https:\/\/leostopteam.de\/wp-content\/uploads\/2023\/11\/Leos-Top-Team-4287-1536x1026.jpg 1536w, https:\/\/leostopteam.de\/wp-content\/uploads\/2023\/11\/Leos-Top-Team-4287-2048x1367.jpg 2048w\" sizes=\"(max-width: 800px) 100vw, 800px\" title=\"\">\t\t\t\t\t\t\t\t\t\t\t\t\t<\/div>\n\t\t\t\t<\/div>\n\t\t\t\t<div class=\"elementor-element elementor-element-3f09133 elementor-widget-mobile__width-initial elementor-widget elementor-widget-image\" data-id=\"3f09133\" data-element_type=\"widget\" data-widget_type=\"image.default\">\n\t\t\t\t<div class=\"elementor-widget-container\">\n\t\t\t\t\t\t\t\t\t\t\t\t\t<img decoding=\"async\" width=\"800\" height=\"534\" src=\"https:\/\/leostopteam.de\/wp-content\/uploads\/2023\/05\/Leos-Top-Team-39-1024x684.jpg\" class=\"attachment-large size-large wp-image-66\" alt=\"\" srcset=\"https:\/\/leostopteam.de\/wp-content\/uploads\/2023\/05\/Leos-Top-Team-39-1024x684.jpg 1024w, https:\/\/leostopteam.de\/wp-content\/uploads\/2023\/05\/Leos-Top-Team-39-300x200.jpg 300w, https:\/\/leostopteam.de\/wp-content\/uploads\/2023\/05\/Leos-Top-Team-39-768x513.jpg 768w, https:\/\/leostopteam.de\/wp-content\/uploads\/2023\/05\/Leos-Top-Team-39-1536x1025.jpg 1536w, https:\/\/leostopteam.de\/wp-content\/uploads\/2023\/05\/Leos-Top-Team-39-2048x1367.jpg 2048w\" sizes=\"(max-width: 800px) 100vw, 800px\" title=\"\">\t\t\t\t\t\t\t\t\t\t\t\t\t<\/div>\n\t\t\t\t<\/div>\n\t\t\t\t<div class=\"elementor-element elementor-element-d39f617 elementor-widget-mobile__width-initial elementor-widget elementor-widget-image\" data-id=\"d39f617\" data-element_type=\"widget\" data-widget_type=\"image.default\">\n\t\t\t\t<div class=\"elementor-widget-container\">\n\t\t\t\t\t\t\t\t\t\t\t\t\t<img loading=\"lazy\" decoding=\"async\" width=\"800\" height=\"534\" src=\"https:\/\/leostopteam.de\/wp-content\/uploads\/2024\/03\/Leos-Top-Team-9633-1024x684.jpg\" class=\"attachment-large size-large wp-image-1890\" alt=\"\" srcset=\"https:\/\/leostopteam.de\/wp-content\/uploads\/2024\/03\/Leos-Top-Team-9633-1024x684.jpg 1024w, https:\/\/leostopteam.de\/wp-content\/uploads\/2024\/03\/Leos-Top-Team-9633-300x200.jpg 300w, https:\/\/leostopteam.de\/wp-content\/uploads\/2024\/03\/Leos-Top-Team-9633-768x513.jpg 768w, https:\/\/leostopteam.de\/wp-content\/uploads\/2024\/03\/Leos-Top-Team-9633-1536x1025.jpg 1536w, https:\/\/leostopteam.de\/wp-content\/uploads\/2024\/03\/Leos-Top-Team-9633-2048x1367.jpg 2048w, https:\/\/leostopteam.de\/wp-content\/uploads\/2024\/03\/Leos-Top-Team-9633-18x12.jpg 18w\" sizes=\"(max-width: 800px) 100vw, 800px\" title=\"\">\t\t\t\t\t\t\t\t\t\t\t\t\t<\/div>\n\t\t\t\t<\/div>\n\t\t\t\t<div class=\"elementor-element elementor-element-f85a0c0 elementor-widget-mobile__width-initial elementor-widget elementor-widget-image\" data-id=\"f85a0c0\" data-element_type=\"widget\" data-widget_type=\"image.default\">\n\t\t\t\t<div class=\"elementor-widget-container\">\n\t\t\t\t\t\t\t\t\t\t\t\t\t<img loading=\"lazy\" decoding=\"async\" width=\"800\" height=\"534\" src=\"https:\/\/leostopteam.de\/wp-content\/uploads\/2023\/11\/Leos-Top-Team-2813-1024x683.jpg\" class=\"attachment-large size-large wp-image-1066\" alt=\"\" srcset=\"https:\/\/leostopteam.de\/wp-content\/uploads\/2023\/11\/Leos-Top-Team-2813-1024x683.jpg 1024w, https:\/\/leostopteam.de\/wp-content\/uploads\/2023\/11\/Leos-Top-Team-2813-300x200.jpg 300w, https:\/\/leostopteam.de\/wp-content\/uploads\/2023\/11\/Leos-Top-Team-2813-768x512.jpg 768w, https:\/\/leostopteam.de\/wp-content\/uploads\/2023\/11\/Leos-Top-Team-2813-1536x1024.jpg 1536w, https:\/\/leostopteam.de\/wp-content\/uploads\/2023\/11\/Leos-Top-Team-2813-2048x1365.jpg 2048w\" sizes=\"(max-width: 800px) 100vw, 800px\" title=\"\">\t\t\t\t\t\t\t\t\t\t\t\t\t<\/div>\n\t\t\t\t<\/div>\n\t\t\t\t<div class=\"elementor-element elementor-element-5be21ed elementor-widget-mobile__width-initial elementor-widget elementor-widget-image\" data-id=\"5be21ed\" data-element_type=\"widget\" data-widget_type=\"image.default\">\n\t\t\t\t<div class=\"elementor-widget-container\">\n\t\t\t\t\t\t\t\t\t\t\t\t\t<img loading=\"lazy\" decoding=\"async\" width=\"800\" height=\"534\" src=\"https:\/\/leostopteam.de\/wp-content\/uploads\/2023\/05\/Leos-Top-Team-47-1024x683.jpg\" class=\"attachment-large size-large wp-image-74\" alt=\"\" srcset=\"https:\/\/leostopteam.de\/wp-content\/uploads\/2023\/05\/Leos-Top-Team-47-1024x683.jpg 1024w, https:\/\/leostopteam.de\/wp-content\/uploads\/2023\/05\/Leos-Top-Team-47-300x200.jpg 300w, https:\/\/leostopteam.de\/wp-content\/uploads\/2023\/05\/Leos-Top-Team-47-768x512.jpg 768w, https:\/\/leostopteam.de\/wp-content\/uploads\/2023\/05\/Leos-Top-Team-47-1536x1024.jpg 1536w, https:\/\/leostopteam.de\/wp-content\/uploads\/2023\/05\/Leos-Top-Team-47-2048x1366.jpg 2048w\" sizes=\"(max-width: 800px) 100vw, 800px\" title=\"\">\t\t\t\t\t\t\t\t\t\t\t\t\t<\/div>\n\t\t\t\t<\/div>\n\t\t\t\t<\/div>\n\t\t\t\t<\/div>","protected":false},"excerpt":{"rendered":"<p>UNTERHALTSREINIGUNG Regelm\u00e4\u00dfige Reinigung bezieht sich darauf, dass ein Geb\u00e4ude konsequent (z.B. t\u00e4glich) ges\u00e4ubert wird. Diese Art von Reinigung tr\u00e4gt dazu bei, dass Ihr Geb\u00e4ude insgesamt sauber und hygienisch bleibt, was wiederum seinen Wert erh\u00e4lt. Das Konzept verbindet mehrere Reinigungsaspekte und ist durch einen konstanten Ablauf und eine umfassende Pflege gekennzeichnet. Die H\u00e4ufigkeit der Reinigung und [&hellip;]<\/p>","protected":false},"author":1,"featured_media":1886,"parent":0,"menu_order":0,"comment_status":"closed","ping_status":"closed","template":"elementor_header_footer","meta":{"_jet_sm_ready_style":"","_jet_sm_style":"","_jet_sm_controls_values":"","_jet_sm_fonts_collection":"","_jet_sm_fonts_links":"","footnotes":""},"_links":{"self":[{"href":"https:\/\/leostopteam.de\/en\/wp-json\/wp\/v2\/pages\/423"}],"collection":[{"href":"https:\/\/leostopteam.de\/en\/wp-json\/wp\/v2\/pages"}],"about":[{"href":"https:\/\/leostopteam.de\/en\/wp-json\/wp\/v2\/types\/page"}],"author":[{"embeddable":true,"href":"https:\/\/leostopteam.de\/en\/wp-json\/wp\/v2\/users\/1"}],"replies":[{"embeddable":true,"href":"https:\/\/leostopteam.de\/en\/wp-json\/wp\/v2\/comments?post=423"}],"version-history":[{"count":119,"href":"https:\/\/leostopteam.de\/en\/wp-json\/wp\/v2\/pages\/423\/revisions"}],"predecessor-version":[{"id":2320,"href":"https:\/\/leostopteam.de\/en\/wp-json\/wp\/v2\/pages\/423\/revisions\/2320"}],"wp:featuredmedia":[{"embeddable":true,"href":"https:\/\/leostopteam.de\/en\/wp-json\/wp\/v2\/media\/1886"}],"wp:attachment":[{"href":"https:\/\/leostopteam.de\/en\/wp-json\/wp\/v2\/media?parent=423"}],"curies":[{"name":"wp","href":"https:\/\/api.w.org\/{rel}","templated":true}]}}